{"id":159,"date":"2024-12-19T21:32:37","date_gmt":"2024-12-19T21:32:37","guid":{"rendered":"https:\/\/izepartnersinvest.com\/?page_id=159"},"modified":"2025-01-16T06:22:06","modified_gmt":"2025-01-16T06:22:06","slug":"our-objectives","status":"publish","type":"page","link":"https:\/\/izepartnerinvest.com\/es\/our-objectives\/","title":{"rendered":"Nuestros Objetivos"},"content":{"rendered":"<div data-elementor-type=\"wp-page\" data-elementor-id=\"159\" class=\"elementor elementor-159\">\n\t\t\t\t<div class=\"elementor-element elementor-element-7d02637d e-con-full e-flex e-con e-parent\" data-id=\"7d02637d\" data-element_type=\"container\" data-e-type=\"container\" data-settings=\"{&quot;background_background&quot;:&quot;classic&quot;}\">\n\t\t\t\t<div class=\"elementor-element elementor-element-b7e8d61 elementor-widget elementor-widget-heading\" data-id=\"b7e8d61\" data-element_type=\"widget\" data-e-type=\"widget\" data-widget_type=\"heading.default\">\n\t\t\t\t<div class=\"elementor-widget-container\">\n\t\t\t\t\t<h2 class=\"elementor-heading-title elementor-size-default\">Asegurar la expansi\u00f3n y el valor de las empresas, creando estrategias de captaci\u00f3n de fondos y sinergias entre proyectos, generando beneficios fiscales al asociar inversiones con impacto humanitario y responsabilidad social.\n<\/h2>\t\t\t\t<\/div>\n\t\t\t\t<\/div>\n\t\t\t\t<\/div>\n\t\t<div class=\"elementor-element elementor-element-55687ff e-flex e-con-boxed e-con e-parent\" data-id=\"55687ff\" data-element_type=\"container\" data-e-type=\"container\">\n\t\t\t\t\t<div class=\"e-con-inner\">\n\t\t\t\t<div class=\"elementor-element elementor-element-5594bd12 elementor-widget elementor-widget-spacer\" data-id=\"5594bd12\" data-element_type=\"widget\" data-e-type=\"widget\" data-widget_type=\"spacer.default\">\n\t\t\t\t<div class=\"elementor-widget-container\">\n\t\t\t\t\t\t\t<div class=\"elementor-spacer\">\n\t\t\t<div class=\"elementor-spacer-inner\"><\/div>\n\t\t<\/div>\n\t\t\t\t\t\t<\/div>\n\t\t\t\t<\/div>\n\t\t\t\t<div class=\"elementor-element elementor-element-1b20597a elementor-widget elementor-widget-text-editor\" data-id=\"1b20597a\" data-element_type=\"widget\" data-e-type=\"widget\" data-widget_type=\"text-editor.default\">\n\t\t\t\t<div class=\"elementor-widget-container\">\n\t\t\t\t\t\t\t\t\t<p><img decoding=\"async\" class=\"alignnone wp-image-19\" src=\"https:\/\/izepartnerinvest.com\/wp-content\/uploads\/2024\/12\/ize-partners-elementos-02-e1734997006745-300x168.png\" alt=\"\" width=\"30\" height=\"23\" \/> Nuestros Objetivos<\/p>\t\t\t\t\t\t\t\t<\/div>\n\t\t\t\t<\/div>\n\t\t\t\t<div class=\"elementor-element elementor-element-69753d28 elementor-widget elementor-widget-text-editor\" data-id=\"69753d28\" data-element_type=\"widget\" data-e-type=\"widget\" data-widget_type=\"text-editor.default\">\n\t\t\t\t<div class=\"elementor-widget-container\">\n\t\t\t\t\t\t\t\t\t<ul><li>Garantizar la sostenibilidad, el crecimiento econ\u00f3mico, la expansi\u00f3n y la internacionalizaci\u00f3n para incrementar el valor de las empresas en los mercados financieros.<\/li><li>Crear estrategias para la b\u00fasqueda y captaci\u00f3n de fondos privados, mixtos o p\u00fablicos.<\/li><li>Garantizar la confianza y la \u00e9tica en las inversiones y las mejores estrategias de sostenibilidad econ\u00f3mica en beneficio de todas las partes del Grupo.<\/li><li>Crear sinergias entre proyectos y negocios bajo el paraguas de IZE PARTNERS INVEST.<\/li><li>Integrar las ventajas de los sistemas de incentivos y veh\u00edculos innovadores de pago de compra y venta.<\/li><li>Generar beneficios fiscales asociando inversiones con impacto humanitario, responsabilidad social y econom\u00eda \u201cglocal\u201d.<\/li><li>Crear estrategias a trav\u00e9s de servicios especializados: gesti\u00f3n de proyectos, an\u00e1lisis de riesgos e inteligencia de mercados, derecho internacional, contabilidad calificada, estudios de mercado, seguros, econom\u00eda geoestrat\u00e9gica, seguridad digital y cibern\u00e9tica, log\u00edstica, marketing y publicidad.<\/li><\/ul>\t\t\t\t\t\t\t\t<\/div>\n\t\t\t\t<\/div>\n\t\t\t\t<div class=\"elementor-element elementor-element-1c5ec527 elementor-widget elementor-widget-spacer\" data-id=\"1c5ec527\" data-element_type=\"widget\" data-e-type=\"widget\" data-widget_type=\"spacer.default\">\n\t\t\t\t<div class=\"elementor-widget-container\">\n\t\t\t\t\t\t\t<div class=\"elementor-spacer\">\n\t\t\t<div class=\"elementor-spacer-inner\"><\/div>\n\t\t<\/div>\n\t\t\t\t\t\t<\/div>\n\t\t\t\t<\/div>\n\t\t\t\t\t<\/div>\n\t\t\t\t<\/div>\n\t\t<div class=\"elementor-element elementor-element-3b6b3eaa e-flex e-con-boxed e-con e-parent\" data-id=\"3b6b3eaa\" data-element_type=\"container\" data-e-type=\"container\">\n\t\t\t\t\t<div class=\"e-con-inner\">\n\t\t<div class=\"elementor-element elementor-element-55102e5a e-con-full e-flex e-con e-child\" data-id=\"55102e5a\" data-element_type=\"container\" data-e-type=\"container\">\n\t\t\t\t<div class=\"elementor-element elementor-element-f45842b elementor-widget elementor-widget-text-editor\" data-id=\"f45842b\" data-element_type=\"widget\" data-e-type=\"widget\" data-widget_type=\"text-editor.default\">\n\t\t\t\t<div class=\"elementor-widget-container\">\n\t\t\t\t\t\t\t\t\t<h6><img decoding=\"async\" class=\"alignnone wp-image-19\" src=\"https:\/\/izepartnerinvest.com\/wp-content\/uploads\/2024\/12\/ize-partners-elementos-02-e1734997006745-300x168.png\" alt=\"\" width=\"30\" height=\"23\" \/> WhoWe Are<\/h6>\t\t\t\t\t\t\t\t<\/div>\n\t\t\t\t<\/div>\n\t\t\t\t<div class=\"elementor-element elementor-element-654f3565 elementor-widget elementor-widget-text-editor\" data-id=\"654f3565\" data-element_type=\"widget\" data-e-type=\"widget\" data-widget_type=\"text-editor.default\">\n\t\t\t\t<div class=\"elementor-widget-container\">\n\t\t\t\t\t\t\t\t\t<p>Somos una nueva estructura corporativa con sede en Portugal, creada para gestionar la participaci\u00f3n en inversiones en varios pa\u00edses con foco en el Sector Primario, Medio Ambiente y Clima, Reciclaje y Energ\u00eda Limpia, Innovaci\u00f3n en Salud y Farmacia, Inteligencia Artificial y Digital, promoviendo la innovaci\u00f3n en la sostenibilidad econ\u00f3mica.<\/p>\t\t\t\t\t\t\t\t<\/div>\n\t\t\t\t<\/div>\n\t\t\t\t<div class=\"elementor-element elementor-element-18b4acf1 elementor-widget elementor-widget-spacer\" data-id=\"18b4acf1\" data-element_type=\"widget\" data-e-type=\"widget\" data-widget_type=\"spacer.default\">\n\t\t\t\t<div class=\"elementor-widget-container\">\n\t\t\t\t\t\t\t<div class=\"elementor-spacer\">\n\t\t\t<div class=\"elementor-spacer-inner\"><\/div>\n\t\t<\/div>\n\t\t\t\t\t\t<\/div>\n\t\t\t\t<\/div>\n\t\t\t\t<div class=\"elementor-element elementor-element-5a4be2af elementor-align-right elementor-widget elementor-widget-button\" data-id=\"5a4be2af\" data-element_type=\"widget\" data-e-type=\"widget\" data-widget_type=\"button.default\">\n\t\t\t\t<div class=\"elementor-widget-container\">\n\t\t\t\t\t\t\t\t\t<div class=\"elementor-button-wrapper\">\n\t\t\t\t\t<a class=\"elementor-button elementor-button-link elementor-size-sm\" href=\"https:\/\/izepartnerinvest.com\/es\/who-we-are\/\">\n\t\t\t\t\t\t<span class=\"elementor-button-content-wrapper\">\n\t\t\t\t\t\t\t\t\t<span class=\"elementor-button-text\">See more &gt;&gt;<\/span>\n\t\t\t\t\t<\/span>\n\t\t\t\t\t<\/a>\n\t\t\t\t<\/div>\n\t\t\t\t\t\t\t\t<\/div>\n\t\t\t\t<\/div>\n\t\t\t\t<\/div>\n\t\t<div class=\"elementor-element elementor-element-5c9852cc e-con-full e-flex e-con e-child\" data-id=\"5c9852cc\" data-element_type=\"container\" data-e-type=\"container\">\n\t\t\t\t<div class=\"elementor-element elementor-element-5db836cc elementor-widget elementor-widget-text-editor\" data-id=\"5db836cc\" data-element_type=\"widget\" data-e-type=\"widget\" data-widget_type=\"text-editor.default\">\n\t\t\t\t<div class=\"elementor-widget-container\">\n\t\t\t\t\t\t\t\t\t<h6><img decoding=\"async\" class=\"alignnone wp-image-19\" src=\"https:\/\/izepartnerinvest.com\/wp-content\/uploads\/2024\/12\/ize-partners-elementos-02-e1734997006745-300x168.png\" alt=\"\" width=\"30\" height=\"23\" \/>\u00a0Qu\u00e9 Hacemos<\/h6>\t\t\t\t\t\t\t\t<\/div>\n\t\t\t\t<\/div>\n\t\t\t\t<div class=\"elementor-element elementor-element-167a04d0 elementor-widget elementor-widget-text-editor\" data-id=\"167a04d0\" data-element_type=\"widget\" data-e-type=\"widget\" data-widget_type=\"text-editor.default\">\n\t\t\t\t<div class=\"elementor-widget-container\">\n\t\t\t\t\t\t\t\t\t<p>Creamos estrategias multidisciplinarias para empresas y organizaciones asociadas, promoviendo cambios transformacionales basados \u200b\u200ben valores humanos, educativos, sociales y econ\u00f3micos, permitiendo a las organizaciones crecer de manera sustentable, brindando a las personas adecuadas la experiencia adecuada para resolver los desaf\u00edos comerciales actuales.<\/p>\t\t\t\t\t\t\t\t<\/div>\n\t\t\t\t<\/div>\n\t\t\t\t<div class=\"elementor-element elementor-element-53551b2d elementor-align-right elementor-widget elementor-widget-button\" data-id=\"53551b2d\" data-element_type=\"widget\" data-e-type=\"widget\" data-widget_type=\"button.default\">\n\t\t\t\t<div class=\"elementor-widget-container\">\n\t\t\t\t\t\t\t\t\t<div class=\"elementor-button-wrapper\">\n\t\t\t\t\t<a class=\"elementor-button elementor-button-link elementor-size-sm\" href=\"https:\/\/izepartnerinvest.com\/es\/what-we-do\/\">\n\t\t\t\t\t\t<span class=\"elementor-button-content-wrapper\">\n\t\t\t\t\t\t\t\t\t<span class=\"elementor-button-text\">See more &gt;&gt;<\/span>\n\t\t\t\t\t<\/span>\n\t\t\t\t\t<\/a>\n\t\t\t\t<\/div>\n\t\t\t\t\t\t\t\t<\/div>\n\t\t\t\t<\/div>\n\t\t\t\t<\/div>\n\t\t<div class=\"elementor-element elementor-element-10b867af e-con-full e-flex e-con e-child\" data-id=\"10b867af\" data-element_type=\"container\" data-e-type=\"container\">\n\t\t\t\t<div class=\"elementor-element elementor-element-2bab6723 elementor-widget elementor-widget-text-editor\" data-id=\"2bab6723\" data-element_type=\"widget\" data-e-type=\"widget\" data-widget_type=\"text-editor.default\">\n\t\t\t\t<div class=\"elementor-widget-container\">\n\t\t\t\t\t\t\t\t\t<h6><img decoding=\"async\" class=\"alignnone wp-image-19\" src=\"https:\/\/izepartnerinvest.com\/wp-content\/uploads\/2024\/12\/ize-partners-elementos-02-e1734997006745-300x168.png\" alt=\"\" width=\"30\" height=\"23\" \/>\u00a0\u00c1reas de Experiencia<\/h6>\t\t\t\t\t\t\t\t<\/div>\n\t\t\t\t<\/div>\n\t\t\t\t<div class=\"elementor-element elementor-element-1370634d elementor-widget elementor-widget-text-editor\" data-id=\"1370634d\" data-element_type=\"widget\" data-e-type=\"widget\" data-widget_type=\"text-editor.default\">\n\t\t\t\t<div class=\"elementor-widget-container\">\n\t\t\t\t\t\t\t\t\t<p><span style=\"background-color: var(--ast-global-color-5);\">Inversi\u00f3n de capital y captaci\u00f3n de fondos; Gesti\u00f3n de riesgos, activos y participaciones; Compras privadas e institucionales; Medio ambiente y sostenibilidad; Industria m\u00e9dica, licencias, innovaci\u00f3n sanitaria y farmacia; Inteligencia artificial, tecnolog\u00eda y digital; Auditor\u00eda fiscal y legal internacional \u2026 <\/span><span style=\"font-style: inherit; font-weight: inherit; background-color: var(--ast-global-color-5);\">&#8230;<\/span><\/p>\t\t\t\t\t\t\t\t<\/div>\n\t\t\t\t<\/div>\n\t\t\t\t<div class=\"elementor-element elementor-element-6f42b299 elementor-align-right elementor-widget elementor-widget-button\" data-id=\"6f42b299\" data-element_type=\"widget\" data-e-type=\"widget\" data-widget_type=\"button.default\">\n\t\t\t\t<div class=\"elementor-widget-container\">\n\t\t\t\t\t\t\t\t\t<div class=\"elementor-button-wrapper\">\n\t\t\t\t\t<a class=\"elementor-button elementor-button-link elementor-size-sm\" href=\"https:\/\/izepartnerinvest.com\/es\/areas-of-expertise\/\">\n\t\t\t\t\t\t<span class=\"elementor-button-content-wrapper\">\n\t\t\t\t\t\t\t\t\t<span class=\"elementor-button-text\">See more &gt;&gt;<\/span>\n\t\t\t\t\t<\/span>\n\t\t\t\t\t<\/a>\n\t\t\t\t<\/div>\n\t\t\t\t\t\t\t\t<\/div>\n\t\t\t\t<\/div>\n\t\t\t\t<\/div>\n\t\t\t\t\t<\/div>\n\t\t\t\t<\/div>\n\t\t<div class=\"elementor-element elementor-element-53f6ed24 e-flex e-con-boxed e-con e-parent\" data-id=\"53f6ed24\" data-element_type=\"container\" data-e-type=\"container\">\n\t\t\t\t\t<div class=\"e-con-inner\">\n\t\t\t\t<div class=\"elementor-element elementor-element-23464b25 elementor-widget elementor-widget-spacer\" data-id=\"23464b25\" data-element_type=\"widget\" data-e-type=\"widget\" data-widget_type=\"spacer.default\">\n\t\t\t\t<div class=\"elementor-widget-container\">\n\t\t\t\t\t\t\t<div class=\"elementor-spacer\">\n\t\t\t<div class=\"elementor-spacer-inner\"><\/div>\n\t\t<\/div>\n\t\t\t\t\t\t<\/div>\n\t\t\t\t<\/div>\n\t\t\t\t\t<\/div>\n\t\t\t\t<\/div>\n\t\t<div class=\"elementor-element elementor-element-71a0d71b e-flex e-con-boxed e-con e-parent\" data-id=\"71a0d71b\" data-element_type=\"container\" data-e-type=\"container\">\n\t\t\t\t\t<div class=\"e-con-inner\">\n\t\t<div class=\"elementor-element elementor-element-25cd6053 e-con-full e-flex e-con e-child\" data-id=\"25cd6053\" data-element_type=\"container\" data-e-type=\"container\">\n\t\t\t\t<div class=\"elementor-element elementor-element-1adf321f elementor-widget elementor-widget-text-editor\" data-id=\"1adf321f\" data-element_type=\"widget\" data-e-type=\"widget\" data-widget_type=\"text-editor.default\">\n\t\t\t\t<div class=\"elementor-widget-container\">\n\t\t\t\t\t\t\t\t\t<h6><img decoding=\"async\" class=\"alignnone wp-image-19\" src=\"https:\/\/izepartnerinvest.com\/wp-content\/uploads\/2024\/12\/ize-partners-elementos-02-e1734997006745-300x168.png\" alt=\"\" width=\"30\" height=\"23\" \/> Nuestros Valores<\/h6>\t\t\t\t\t\t\t\t<\/div>\n\t\t\t\t<\/div>\n\t\t\t\t<div class=\"elementor-element elementor-element-270df7ae elementor-widget elementor-widget-text-editor\" data-id=\"270df7ae\" data-element_type=\"widget\" data-e-type=\"widget\" data-widget_type=\"text-editor.default\">\n\t\t\t\t<div class=\"elementor-widget-container\">\n\t\t\t\t\t\t\t\t\t<p>Integridad\u00a0<br \/>Inclusi\u00f3n y Asistencia Social\u00a0<br \/>Innovaci\u00f3n\u00a0<br \/>Sostenibilidad<\/p>\t\t\t\t\t\t\t\t<\/div>\n\t\t\t\t<\/div>\n\t\t\t\t<div class=\"elementor-element elementor-element-11c63240 elementor-align-right elementor-widget elementor-widget-button\" data-id=\"11c63240\" data-element_type=\"widget\" data-e-type=\"widget\" data-widget_type=\"button.default\">\n\t\t\t\t<div class=\"elementor-widget-container\">\n\t\t\t\t\t\t\t\t\t<div class=\"elementor-button-wrapper\">\n\t\t\t\t\t<a class=\"elementor-button elementor-button-link elementor-size-sm\" href=\"https:\/\/izepartnerinvest.com\/es\/our-values\/\">\n\t\t\t\t\t\t<span class=\"elementor-button-content-wrapper\">\n\t\t\t\t\t\t\t\t\t<span class=\"elementor-button-text\">See more &gt;&gt;<\/span>\n\t\t\t\t\t<\/span>\n\t\t\t\t\t<\/a>\n\t\t\t\t<\/div>\n\t\t\t\t\t\t\t\t<\/div>\n\t\t\t\t<\/div>\n\t\t\t\t<\/div>\n\t\t<div class=\"elementor-element elementor-element-15189789 e-con-full e-flex e-con e-child\" data-id=\"15189789\" data-element_type=\"container\" data-e-type=\"container\">\n\t\t\t\t<div class=\"elementor-element elementor-element-cb3b601 elementor-widget elementor-widget-text-editor\" data-id=\"cb3b601\" data-element_type=\"widget\" data-e-type=\"widget\" data-widget_type=\"text-editor.default\">\n\t\t\t\t<div class=\"elementor-widget-container\">\n\t\t\t\t\t\t\t\t\t<h6><img decoding=\"async\" class=\"alignnone wp-image-19\" src=\"https:\/\/izepartnerinvest.com\/wp-content\/uploads\/2024\/12\/ize-partners-elementos-02-e1734997006745-300x168.png\" alt=\"\" width=\"30\" height=\"23\" \/> Proyectos<\/h6>\t\t\t\t\t\t\t\t<\/div>\n\t\t\t\t<\/div>\n\t\t\t\t<div class=\"elementor-element elementor-element-5ce32d9e elementor-widget elementor-widget-text-editor\" data-id=\"5ce32d9e\" data-element_type=\"widget\" data-e-type=\"widget\" data-widget_type=\"text-editor.default\">\n\t\t\t\t<div class=\"elementor-widget-container\">\n\t\t\t\t\t\t\t\t\t<p>Patente estadounidense revoluciona la detecci\u00f3n del c\u00e1ncer de mama<br \/>MAMMOGRIP con licencia de IZE PARTNERS INVEST<br \/>Detecci\u00f3n temprana para mejores resultados<br \/>El guante invisible<br \/>que salva vidas, una imagen a la vez<\/p>\t\t\t\t\t\t\t\t<\/div>\n\t\t\t\t<\/div>\n\t\t\t\t<div class=\"elementor-element elementor-element-28f85888 elementor-align-right elementor-widget elementor-widget-button\" data-id=\"28f85888\" data-element_type=\"widget\" data-e-type=\"widget\" data-widget_type=\"button.default\">\n\t\t\t\t<div class=\"elementor-widget-container\">\n\t\t\t\t\t\t\t\t\t<div class=\"elementor-button-wrapper\">\n\t\t\t\t\t<a class=\"elementor-button elementor-button-link elementor-size-sm\" href=\"https:\/\/izepartnerinvest.com\/es\/projects\/\">\n\t\t\t\t\t\t<span class=\"elementor-button-content-wrapper\">\n\t\t\t\t\t\t\t\t\t<span class=\"elementor-button-text\">See more &gt;&gt;<\/span>\n\t\t\t\t\t<\/span>\n\t\t\t\t\t<\/a>\n\t\t\t\t<\/div>\n\t\t\t\t\t\t\t\t<\/div>\n\t\t\t\t<\/div>\n\t\t\t\t<\/div>\n\t\t<div class=\"elementor-element elementor-element-30239a20 e-con-full e-flex e-con e-child\" data-id=\"30239a20\" data-element_type=\"container\" data-e-type=\"container\">\n\t\t\t\t<div class=\"elementor-element elementor-element-1b07c0ae elementor-widget elementor-widget-text-editor\" data-id=\"1b07c0ae\" data-element_type=\"widget\" data-e-type=\"widget\" data-widget_type=\"text-editor.default\">\n\t\t\t\t<div class=\"elementor-widget-container\">\n\t\t\t\t\t\t\t\t\t<h6><img decoding=\"async\" class=\"alignnone wp-image-19\" src=\"https:\/\/izepartnerinvest.com\/wp-content\/uploads\/2024\/12\/ize-partners-elementos-02-e1734997006745-300x168.png\" alt=\"\" width=\"30\" height=\"23\" \/> Noticias y Blog<\/h6>\t\t\t\t\t\t\t\t<\/div>\n\t\t\t\t<\/div>\n\t\t\t\t<div class=\"elementor-element elementor-element-d526937 elementor-widget elementor-widget-text-editor\" data-id=\"d526937\" data-element_type=\"widget\" data-e-type=\"widget\" data-widget_type=\"text-editor.default\">\n\t\t\t\t<div class=\"elementor-widget-container\">\n\t\t\t\t\t\t\t\t\t<p>Art\u00edculos y noticias<\/p><p>Un nuevo paradigma social glocal sostenible para todos.<br \/>Abra su mente a un proyecto econ\u00f3mico socialmente inteligente.<\/p>\t\t\t\t\t\t\t\t<\/div>\n\t\t\t\t<\/div>\n\t\t\t\t<div class=\"elementor-element elementor-element-40366e32 elementor-align-right elementor-widget elementor-widget-button\" data-id=\"40366e32\" data-element_type=\"widget\" data-e-type=\"widget\" data-widget_type=\"button.default\">\n\t\t\t\t<div class=\"elementor-widget-container\">\n\t\t\t\t\t\t\t\t\t<div class=\"elementor-button-wrapper\">\n\t\t\t\t\t<a class=\"elementor-button elementor-button-link elementor-size-sm\" href=\"https:\/\/izepartnerinvest.com\/es\/category\/blog\/\">\n\t\t\t\t\t\t<span class=\"elementor-button-content-wrapper\">\n\t\t\t\t\t\t\t\t\t<span class=\"elementor-button-text\">See more &gt;&gt;<\/span>\n\t\t\t\t\t<\/span>\n\t\t\t\t\t<\/a>\n\t\t\t\t<\/div>\n\t\t\t\t\t\t\t\t<\/div>\n\t\t\t\t<\/div>\n\t\t\t\t<\/div>\n\t\t\t\t\t<\/div>\n\t\t\t\t<\/div>\n\t\t<div class=\"elementor-element elementor-element-70d8dbd2 e-flex e-con-boxed e-con e-parent\" data-id=\"70d8dbd2\" data-element_type=\"container\" data-e-type=\"container\">\n\t\t\t\t\t<div class=\"e-con-inner\">\n\t\t\t\t<div class=\"elementor-element elementor-element-690c9d3e elementor-widget elementor-widget-spacer\" data-id=\"690c9d3e\" data-element_type=\"widget\" data-e-type=\"widget\" data-widget_type=\"spacer.default\">\n\t\t\t\t<div class=\"elementor-widget-container\">\n\t\t\t\t\t\t\t<div class=\"elementor-spacer\">\n\t\t\t<div class=\"elementor-spacer-inner\"><\/div>\n\t\t<\/div>\n\t\t\t\t\t\t<\/div>\n\t\t\t\t<\/div>\n\t\t\t\t<div class=\"elementor-element elementor-element-4cd18459 elementor-widget-divider--view-line elementor-widget elementor-widget-divider\" data-id=\"4cd18459\" data-element_type=\"widget\" data-e-type=\"widget\" data-widget_type=\"divider.default\">\n\t\t\t\t<div class=\"elementor-widget-container\">\n\t\t\t\t\t\t\t<div class=\"elementor-divider\">\n\t\t\t<span class=\"elementor-divider-separator\">\n\t\t\t\t\t\t<\/span>\n\t\t<\/div>\n\t\t\t\t\t\t<\/div>\n\t\t\t\t<\/div>\n\t\t\t\t\t<\/div>\n\t\t\t\t<\/div>\n\t\t\t\t<\/div>","protected":false},"excerpt":{"rendered":"<p>Ensure the expansion and the value of companies, creating strategies for raising funds and synergies between projects, generating tax benefits [&hellip;]<\/p>","protected":false},"author":1,"featured_media":0,"parent":0,"menu_order":0,"comment_status":"closed","ping_status":"closed","template":"","meta":{"site-sidebar-layout":"no-sidebar","site-content-layout":"","ast-site-content-layout":"full-width-container","site-content-style":"default","site-sidebar-style":"default","ast-global-header-display":"","ast-banner-title-visibility":"","ast-main-header-display":"","ast-hfb-above-header-display":"","ast-hfb-below-header-display":"","ast-hfb-mobile-header-display":"","site-post-title":"disabled","ast-breadcrumbs-content":"","ast-featured-img":"disabled","footer-sml-layout":"","theme-transparent-header-meta":"","adv-header-id-meta":"","stick-header-meta":"","header-above-stick-meta":"","header-main-stick-meta":"","header-below-stick-meta":"","astra-migrate-meta-layouts":"default","ast-page-background-enabled":"default","ast-page-background-meta":{"desktop":{"background-color":"var(--ast-global-color-4)","background-image":"","background-repeat":"repeat","background-position":"center center","background-size":"auto","background-attachment":"scroll","background-type":"","background-media":"","overlay-type":"","overlay-color":"","overlay-opacity":"","overlay-gradient":""},"tablet":{"background-color":"","background-image":"","background-repeat":"repeat","background-position":"center center","background-size":"auto","background-attachment":"scroll","background-type":"","background-media":"","overlay-type":"","overlay-color":"","overlay-opacity":"","overlay-gradient":""},"mobile":{"background-color":"","background-image":"","background-repeat":"repeat","background-position":"center center","background-size":"auto","background-attachment":"scroll","background-type":"","background-media":"","overlay-type":"","overlay-color":"","overlay-opacity":"","overlay-gradient":""}},"ast-content-background-meta":{"desktop":{"background-color":"var(--ast-global-color-5)","background-image":"","background-repeat":"repeat","background-position":"center center","background-size":"auto","background-attachment":"scroll","background-type":"","background-media":"","overlay-type":"","overlay-color":"","overlay-opacity":"","overlay-gradient":""},"tablet":{"background-color":"var(--ast-global-color-5)","background-image":"","background-repeat":"repeat","background-position":"center center","background-size":"auto","background-attachment":"scroll","background-type":"","background-media":"","overlay-type":"","overlay-color":"","overlay-opacity":"","overlay-gradient":""},"mobile":{"background-color":"var(--ast-global-color-5)","background-image":"","background-repeat":"repeat","background-position":"center center","background-size":"auto","background-attachment":"scroll","background-type":"","background-media":"","overlay-type":"","overlay-color":"","overlay-opacity":"","overlay-gradient":""}},"footnotes":""},"class_list":["post-159","page","type-page","status-publish","hentry"],"_links":{"self":[{"href":"https:\/\/izepartnerinvest.com\/es\/wp-json\/wp\/v2\/pages\/159","targetHints":{"allow":["GET"]}}],"collection":[{"href":"https:\/\/izepartnerinvest.com\/es\/wp-json\/wp\/v2\/pages"}],"about":[{"href":"https:\/\/izepartnerinvest.com\/es\/wp-json\/wp\/v2\/types\/page"}],"author":[{"embeddable":true,"href":"https:\/\/izepartnerinvest.com\/es\/wp-json\/wp\/v2\/users\/1"}],"replies":[{"embeddable":true,"href":"https:\/\/izepartnerinvest.com\/es\/wp-json\/wp\/v2\/comments?post=159"}],"version-history":[{"count":92,"href":"https:\/\/izepartnerinvest.com\/es\/wp-json\/wp\/v2\/pages\/159\/revisions"}],"predecessor-version":[{"id":1743,"href":"https:\/\/izepartnerinvest.com\/es\/wp-json\/wp\/v2\/pages\/159\/revisions\/1743"}],"wp:attachment":[{"href":"https:\/\/izepartnerinvest.com\/es\/wp-json\/wp\/v2\/media?parent=159"}],"curies":[{"name":"wp","href":"https:\/\/api.w.org\/{rel}","templated":true}]}}